{"id":55126,"date":"2023-05-25T16:22:34","date_gmt":"2023-05-25T19:22:34","guid":{"rendered":"https:\/\/jornalrol.com.br\/?page_id=55126"},"modified":"2025-12-14T21:48:46","modified_gmt":"2025-12-15T00:48:46","slug":"corpo-editorial-2","status":"publish","type":"page","link":"https:\/\/jornalrol.com.br\/?page_id=55126","title":{"rendered":"Corpo Editorial"},"content":{"rendered":"<div class=\"pdfprnt-buttons pdfprnt-buttons-page pdfprnt-top-right\"><a href=\"https:\/\/jornalrol.com.br\/index.php?rest_route=%2Fwp%2Fv2%2Fpages%2F55126&print=pdf\" class=\"pdfprnt-button pdfprnt-button-pdf\" target=\"_blank\" ><\/a><a href=\"https:\/\/jornalrol.com.br\/index.php?rest_route=%2Fwp%2Fv2%2Fpages%2F55126&print=print\" class=\"pdfprnt-button pdfprnt-button-print\" target=\"_blank\" ><img decoding=\"async\" src=\"https:\/\/jornalrol.com.br\/wp-content\/plugins\/pdf-print\/images\/print.png\" alt=\"image_print\" title=\"Conte\u00fado de impress\u00e3o\" \/><\/a><\/div><div class=\"wp-block-image\">\n<figure class=\"alignleft size-full is-resized\"><img loading=\"lazy\" decoding=\"async\" width=\"614\" height=\"614\" data-attachment-id=\"56781\" data-permalink=\"https:\/\/jornalrol.com.br\/?attachment_id=56781\" data-orig-file=\"https:\/\/jornalrol.com.br\/wp-content\/uploads\/2023\/06\/earth-1964822-peq.png\" data-orig-size=\"614,614\" data-comments-opened=\"1\" data-image-meta=\"{&quot;aperture&quot;:&quot;0&quot;,&quot;credit&quot;:&quot;&quot;,&quot;camera&quot;:&quot;&quot;,&quot;caption&quot;:&quot;&quot;,&quot;created_timestamp&quot;:&quot;0&quot;,&quot;copyright&quot;:&quot;&quot;,&quot;focal_length&quot;:&quot;0&quot;,&quot;iso&quot;:&quot;0&quot;,&quot;shutter_speed&quot;:&quot;0&quot;,&quot;title&quot;:&quot;&quot;,&quot;orientation&quot;:&quot;0&quot;}\" data-image-title=\"earth-1964822-peq\" data-image-description=\"\" data-image-caption=\"\" data-large-file=\"https:\/\/jornalrol.com.br\/wp-content\/uploads\/2023\/06\/earth-1964822-peq.png\" src=\"https:\/\/www.jornalrol.com.br\/wp-content\/uploads\/2023\/06\/earth-1964822-peq.png\" alt=\"\" class=\"wp-image-56781\" style=\"width:154px;height:154px\"\/><\/figure>\n<\/div>\n\n\n<p>Conhe\u00e7a a estrutura e os colunistas deste maravilhoso Jornal Cultural Rol.<\/p>\n\n\n\n<ul class=\"wp-block-list\">\n<li><a href=\"https:\/\/jornalrol.com.br\/?page_id=15\">Expediente<\/a><\/li>\n\n\n\n<li><a href=\"https:\/\/jornalrol.com.br\/?page_id=65\">Colunistas<\/a><\/li>\n<\/ul>\n\n\n\n<p><\/p>\n\n\n\n<h2 class=\"wp-block-heading has-text-align-center\"><mark style=\"background-color:rgba(0, 0, 0, 0)\" class=\"has-inline-color has-vivid-cyan-blue-color\">COLUNISTAS NO BRASIL<\/mark><\/h2>\n\n\n\n<figure class=\"wp-block-table\"><table><tbody><tr><td class=\"has-text-align-center\" data-align=\"center\">Acre (AC)<\/td><td class=\"has-text-align-center\" data-align=\"center\"><strong>02<\/strong><\/td><td class=\"has-text-align-center\" data-align=\"center\">Alagoas (AL)<\/td><td class=\"has-text-align-center\" data-align=\"center\"><strong>01<\/strong><\/td><td class=\"has-text-align-center\" data-align=\"center\">Amap\u00e1 (AP)<\/td><td class=\"has-text-align-center\" data-align=\"center\"><\/td><\/tr><tr><td class=\"has-text-align-center\" data-align=\"center\">Amazonas (AM)<\/td><td class=\"has-text-align-center\" data-align=\"center\"><\/td><td class=\"has-text-align-center\" data-align=\"center\">Bahia (BA)<\/td><td class=\"has-text-align-center\" data-align=\"center\"><strong>01<\/strong><\/td><td class=\"has-text-align-center\" data-align=\"center\">Cear\u00e1 (CE)<\/td><td class=\"has-text-align-center\" data-align=\"center\"><\/td><\/tr><tr><td class=\"has-text-align-center\" data-align=\"center\">Distrito Federal (DF)<\/td><td class=\"has-text-align-center\" data-align=\"center\"><\/td><td class=\"has-text-align-center\" data-align=\"center\">Esp\u00edrito Santo (ES)<\/td><td class=\"has-text-align-center\" data-align=\"center\"><strong>02<\/strong><\/td><td class=\"has-text-align-center\" data-align=\"center\">Goi\u00e1s (GO)<\/td><td class=\"has-text-align-center\" data-align=\"center\"><\/td><\/tr><tr><td class=\"has-text-align-center\" data-align=\"center\">Maranh\u00e3o (MA)<\/td><td class=\"has-text-align-center\" data-align=\"center\"><strong>01<\/strong><\/td><td class=\"has-text-align-center\" data-align=\"center\">Mato Grosso (MT)<\/td><td class=\"has-text-align-center\" data-align=\"center\"><strong>01<\/strong><\/td><td class=\"has-text-align-center\" data-align=\"center\">Mato Grosso do Sul (MS)<\/td><td class=\"has-text-align-center\" data-align=\"center\"><\/td><\/tr><tr><td class=\"has-text-align-center\" data-align=\"center\">Minas Gerais (MG)<\/td><td class=\"has-text-align-center\" data-align=\"center\"><strong>09<\/strong><\/td><td class=\"has-text-align-center\" data-align=\"center\">Par\u00e1 (PA)<\/td><td class=\"has-text-align-center\" data-align=\"center\"><\/td><td class=\"has-text-align-center\" data-align=\"center\">Para\u00edba (PB)<\/td><td class=\"has-text-align-center\" data-align=\"center\"><strong>01<\/strong><\/td><\/tr><tr><td class=\"has-text-align-center\" data-align=\"center\">Paran\u00e1 (PR)<\/td><td class=\"has-text-align-center\" data-align=\"center\"><strong>02<\/strong><\/td><td class=\"has-text-align-center\" data-align=\"center\">Pernambuco (PE)<\/td><td class=\"has-text-align-center\" data-align=\"center\"><\/td><td class=\"has-text-align-center\" data-align=\"center\">Piau\u00ed (PI)<\/td><td class=\"has-text-align-center\" data-align=\"center\"><\/td><\/tr><tr><td class=\"has-text-align-center\" data-align=\"center\">Rio de Janeiro (RJ)<\/td><td class=\"has-text-align-center\" data-align=\"center\">05<\/td><td class=\"has-text-align-center\" data-align=\"center\">Rio Grande do Norte (RN)<\/td><td class=\"has-text-align-center\" data-align=\"center\"><strong>01<\/strong><\/td><td class=\"has-text-align-center\" data-align=\"center\">Rio Grande do Sul (RS)<\/td><td class=\"has-text-align-center\" data-align=\"center\"><\/td><\/tr><tr><td class=\"has-text-align-center\" data-align=\"center\">Rond\u00f4nia (RO)<\/td><td class=\"has-text-align-center\" data-align=\"center\"><strong>01<\/strong><\/td><td class=\"has-text-align-center\" data-align=\"center\">Roraima (RR)<\/td><td class=\"has-text-align-center\" data-align=\"center\"><\/td><td class=\"has-text-align-center\" data-align=\"center\">Santa Catarina (SC)<\/td><td class=\"has-text-align-center\" data-align=\"center\"><strong>03<\/strong><\/td><\/tr><tr><td class=\"has-text-align-center\" data-align=\"center\">S\u00e3o Paulo (SP)<\/td><td class=\"has-text-align-center\" data-align=\"center\"><strong>16<\/strong><\/td><td class=\"has-text-align-center\" data-align=\"center\">Sergipe (SE)<\/td><td class=\"has-text-align-center\" data-align=\"center\"><strong>01<\/strong><\/td><td class=\"has-text-align-center\" data-align=\"center\">Tocantins (TO)<\/td><td class=\"has-text-align-center\" data-align=\"center\"><\/td><\/tr><\/tbody><\/table><figcaption class=\"wp-element-caption\">referente ao m\u00eas de maio\/23<\/figcaption><\/figure>\n\n\n\n<hr class=\"wp-block-separator has-alpha-channel-opacity\"\/>\n\n\n\n<h2 class=\"wp-block-heading has-text-align-center\"><mark style=\"background-color:rgba(0, 0, 0, 0)\" class=\"has-inline-color has-vivid-cyan-blue-color\">COLUNISTA NO EXTERIOR<\/mark><\/h2>\n\n\n\n<figure class=\"wp-block-table\"><table><tbody><tr><td class=\"has-text-align-center\" data-align=\"center\">ANGOLA<\/td><td class=\"has-text-align-center\" data-align=\"center\"><strong>04<\/strong><\/td><td class=\"has-text-align-center\" data-align=\"center\">EQUADOR<\/td><td class=\"has-text-align-center\" data-align=\"center\"><strong>01<\/strong><\/td><td class=\"has-text-align-center\" data-align=\"center\">E.U.A<\/td><td class=\"has-text-align-center\" data-align=\"center\"><\/td><\/tr><tr><td class=\"has-text-align-center\" data-align=\"center\">IT\u00c1LIA<\/td><td class=\"has-text-align-center\" data-align=\"center\"><strong>01<\/strong><\/td><td class=\"has-text-align-center\" data-align=\"center\">PORTUGAL<\/td><td class=\"has-text-align-center\" data-align=\"center\"><strong>01<\/strong><\/td><td class=\"has-text-align-center\" data-align=\"center\"><\/td><td class=\"has-text-align-center\" data-align=\"center\"><\/td><\/tr><\/tbody><\/table><figcaption class=\"wp-element-caption\">referente ao m\u00eas de maio\/23<\/figcaption><\/figure>\n\n\n\n<p><\/p>\n","protected":false},"excerpt":{"rendered":"<p>Conhe\u00e7a a estrutura e os colunistas deste maravilhoso Jornal Cultural Rol. COLUNISTAS NO BRASIL Acre (AC) 02 Alagoas (AL) 01 Amap\u00e1 (AP) Amazonas (AM) Bahia (BA) 01 Cear\u00e1 (CE) Distrito Federal (DF) Esp\u00edrito Santo (ES) 02 Goi\u00e1s (GO) Maranh\u00e3o (MA) 01 Mato<\/p>\n<p class=\"link-more\"><a class=\"myButt \" href=\"https:\/\/jornalrol.com.br\/?page_id=55126\">Read More<\/a><\/p>\n","protected":false},"author":64,"featured_media":0,"parent":0,"menu_order":0,"comment_status":"closed","ping_status":"closed","template":"","meta":{"footnotes":""},"class_list":["post-55126","page","type-page","status-publish","hentry"],"aioseo_notices":[],"jetpack_sharing_enabled":true,"jetpack_likes_enabled":true,"jetpack-related-posts":[{"id":2614,"url":"https:\/\/jornalrol.com.br\/?page_id=2614","url_meta":{"origin":55126,"position":0},"title":"Notas da Reda\u00e7\u00e3o","author":"Helio Rubens","date":"16 de julho de 2015","format":false,"excerpt":"O Jornal Cultural ROL somente publica not\u00edcias culturais de eventos gratuitos, ou oferecidos ao p\u00fablico a pre\u00e7os m\u00f3dicos e artigos de selecionad\u00edssimos colunistas. O Fundador do ROL e Editor Honor\u00e1rio \u00e9 Helio Rubens de Arruda e Miranda (Itapetininga\/SP) e o Editor Chefe \u00e9 Sergio Diniz da Costa (Sorocaba). Temos Colunistas\u2026","rel":"","context":"Post similar","block_context":{"text":"Post similar","link":""},"img":{"alt_text":"","src":"","width":0,"height":0},"classes":[]},{"id":65,"url":"https:\/\/jornalrol.com.br\/?page_id=65","url_meta":{"origin":55126,"position":1},"title":"Colunistas","author":"Sergio Diniz da Costa","date":"22 de outubro de 2014","format":false,"excerpt":"Abdulla Issa Poeta natural da Palestina, filho de uma fam\u00edlia que buscou ref\u00fagio na S\u00edria ap\u00f3s a ocupa\u00e7\u00e3o da Palestina em 1948. Cresceu no campo de refugiados de Babila, nos arredores de Damasco. Ganhou o Pr\u00eamio de Poesia em 1983 e foi considerado um dos principais s\u00edmbolos de renova\u00e7\u00e3o na\u2026","rel":"","context":"Com 188 coment\u00e1rios","block_context":{"text":"Com 188 coment\u00e1rios","link":"https:\/\/jornalrol.com.br\/?page_id=65#comments"},"img":{"alt_text":"Abdulla Issa","src":"https:\/\/i0.wp.com\/jornalrol.com.br\/wp-content\/uploads\/2026\/02\/39957.jpg?resize=350%2C200&ssl=1","width":350,"height":200,"srcset":"https:\/\/i0.wp.com\/jornalrol.com.br\/wp-content\/uploads\/2026\/02\/39957.jpg?resize=350%2C200&ssl=1 1x, https:\/\/i0.wp.com\/jornalrol.com.br\/wp-content\/uploads\/2026\/02\/39957.jpg?resize=525%2C300&ssl=1 1.5x, https:\/\/i0.wp.com\/jornalrol.com.br\/wp-content\/uploads\/2026\/02\/39957.jpg?resize=700%2C400&ssl=1 2x"},"classes":[]},{"id":55587,"url":"https:\/\/jornalrol.com.br\/?page_id=55587","url_meta":{"origin":55126,"position":2},"title":"Lilian de Lourdes Oliveira Henriques","author":"Lee Oliveira","date":"27 de maio de 2023","format":false,"excerpt":"CONHE\u00c7A MAIS A AUTORA Estat\u00edsticas do Colunista Total de Posts:\u00a0 MINHAS NOT\u00cdCIAS \u2734\ufe0e","rel":"","context":"Post similar","block_context":{"text":"Post similar","link":""},"img":{"alt_text":"","src":"","width":0,"height":0},"classes":[]},{"id":15,"url":"https:\/\/jornalrol.com.br\/?page_id=15","url_meta":{"origin":55126,"position":3},"title":"Expediente","author":"Jose Henriques Martins","date":"26 de junho de 2014","format":false,"excerpt":"","rel":"","context":"Post similar","block_context":{"text":"Post similar","link":""},"img":{"alt_text":"","src":"https:\/\/i0.wp.com\/jornalrol.com.br\/wp-content\/uploads\/2023\/05\/rol.png?resize=350%2C200","width":350,"height":200},"classes":[]},{"id":13,"url":"https:\/\/jornalrol.com.br\/?page_id=13","url_meta":{"origin":55126,"position":4},"title":"Fale Conosco","author":"Sergio Diniz da Costa","date":"26 de junho de 2014","format":false,"excerpt":"CONTATOS COM O JORNAL CULTURAL ROL \u00a0 Editoria de Itapetininga\/SP Helio Rubens de Arruda e Miranda(15) 3527-5288 (reda\u00e7\u00e3o) ou (15) 99707-4983 (pessoal)jornalrol@gmail.com (reda\u00e7\u00e3o) Editoria de Sorocaba\/SP Sergio Diniz da Costa\u00a0(15) 99616-5768 \u00a0(pessoal)jornalculturalrol2@gmail.com Editoria Setorial de Artes Ana Elisa Bloes Meirelles de Arruda e Miranda(15) 99721-4890 (pessoal)jornalrol@gmail.com (reda\u00e7\u00e3o)anaelisabloes@gmail.com (pessoal)","rel":"","context":"Post similar","block_context":{"text":"Post similar","link":""},"img":{"alt_text":"","src":"https:\/\/i0.wp.com\/jornalrol.com.br\/wp-content\/uploads\/2023\/05\/telephone-586266_1280.jpg?resize=350%2C200&ssl=1","width":350,"height":200,"srcset":"https:\/\/i0.wp.com\/jornalrol.com.br\/wp-content\/uploads\/2023\/05\/telephone-586266_1280.jpg?resize=350%2C200&ssl=1 1x, https:\/\/i0.wp.com\/jornalrol.com.br\/wp-content\/uploads\/2023\/05\/telephone-586266_1280.jpg?resize=525%2C300&ssl=1 1.5x, https:\/\/i0.wp.com\/jornalrol.com.br\/wp-content\/uploads\/2023\/05\/telephone-586266_1280.jpg?resize=700%2C400&ssl=1 2x, https:\/\/i0.wp.com\/jornalrol.com.br\/wp-content\/uploads\/2023\/05\/telephone-586266_1280.jpg?resize=1050%2C600&ssl=1 3x"},"classes":[]},{"id":55336,"url":"https:\/\/jornalrol.com.br\/?page_id=55336","url_meta":{"origin":55126,"position":5},"title":"Helio Rubens de Arruda e Miranda (in memoriam)","author":"Helio Rubens","date":"26 de maio de 2023","format":false,"excerpt":"CONHE\u00c7A MAIS O FUNDADOR","rel":"","context":"Post similar","block_context":{"text":"Post similar","link":""},"img":{"alt_text":"","src":"","width":0,"height":0},"classes":[]}],"_links":{"self":[{"href":"https:\/\/jornalrol.com.br\/index.php?rest_route=\/wp\/v2\/pages\/55126","targetHints":{"allow":["GET"]}}],"collection":[{"href":"https:\/\/jornalrol.com.br\/index.php?rest_route=\/wp\/v2\/pages"}],"about":[{"href":"https:\/\/jornalrol.com.br\/index.php?rest_route=\/wp\/v2\/types\/page"}],"author":[{"embeddable":true,"href":"https:\/\/jornalrol.com.br\/index.php?rest_route=\/wp\/v2\/users\/64"}],"replies":[{"embeddable":true,"href":"https:\/\/jornalrol.com.br\/index.php?rest_route=%2Fwp%2Fv2%2Fcomments&post=55126"}],"version-history":[{"count":18,"href":"https:\/\/jornalrol.com.br\/index.php?rest_route=\/wp\/v2\/pages\/55126\/revisions"}],"predecessor-version":[{"id":77362,"href":"https:\/\/jornalrol.com.br\/index.php?rest_route=\/wp\/v2\/pages\/55126\/revisions\/77362"}],"wp:attachment":[{"href":"https:\/\/jornalrol.com.br\/index.php?rest_route=%2Fwp%2Fv2%2Fmedia&parent=55126"}],"curies":[{"name":"wp","href":"https:\/\/api.w.org\/{rel}","templated":true}]}}