{"id":55138,"date":"2023-05-25T18:03:42","date_gmt":"2023-05-25T21:03:42","guid":{"rendered":"https:\/\/jornalrol.com.br\/?page_id=55138"},"modified":"2023-05-29T14:10:02","modified_gmt":"2023-05-29T17:10:02","slug":"noticias-por-categoria","status":"publish","type":"page","link":"https:\/\/jornalrol.com.br\/?page_id=55138","title":{"rendered":"NOT\u00cdCIAS POR CATEGORIA"},"content":{"rendered":"<div class=\"pdfprnt-buttons pdfprnt-buttons-page pdfprnt-top-right\"><a href=\"https:\/\/jornalrol.com.br\/index.php?rest_route=%2Fwp%2Fv2%2Fpages%2F55138&print=pdf\" class=\"pdfprnt-button pdfprnt-button-pdf\" target=\"_blank\" ><\/a><a href=\"https:\/\/jornalrol.com.br\/index.php?rest_route=%2Fwp%2Fv2%2Fpages%2F55138&print=print\" class=\"pdfprnt-button pdfprnt-button-print\" target=\"_blank\" ><img decoding=\"async\" src=\"https:\/\/jornalrol.com.br\/wp-content\/plugins\/pdf-print\/images\/print.png\" alt=\"image_print\" title=\"Conte\u00fado de impress\u00e3o\" \/><\/a><\/div>\n<hr class=\"wp-block-separator has-alpha-channel-opacity\"\/>\n\n\n\n<h2 class=\"wp-block-heading\">Assuntos<\/h2>\n\n\n<ul class=\"wp-block-categories-list wp-block-categories\">\t<li class=\"cat-item cat-item-14883\"><a href=\"https:\/\/jornalrol.com.br\/?cat=14883\">A Arte do Leitor<\/a>\n<\/li>\n\t<li class=\"cat-item cat-item-9391\"><a href=\"https:\/\/jornalrol.com.br\/?cat=9391\">Academias e Federa\u00e7\u00f5es de Artes<\/a>\n<\/li>\n\t<li class=\"cat-item cat-item-9282\"><a href=\"https:\/\/jornalrol.com.br\/?cat=9282\">Antologia<\/a>\n<\/li>\n\t<li class=\"cat-item cat-item-10981\"><a href=\"https:\/\/jornalrol.com.br\/?cat=10981\">Apresenta\u00e7\u00e3o de colunista<\/a>\n<\/li>\n\t<li class=\"cat-item cat-item-14921\"><a href=\"https:\/\/jornalrol.com.br\/?cat=14921\">Apresenta\u00e7\u00e3o de livro<\/a>\n<\/li>\n\t<li class=\"cat-item cat-item-9286\"><a href=\"https:\/\/jornalrol.com.br\/?cat=9286\">Arte<\/a>\n<\/li>\n\t<li class=\"cat-item cat-item-9274\"><a href=\"https:\/\/jornalrol.com.br\/?cat=9274\">Arte Pl\u00e1stica<\/a>\n<\/li>\n\t<li class=\"cat-item cat-item-9275\"><a href=\"https:\/\/jornalrol.com.br\/?cat=9275\">Artesanato<\/a>\n<\/li>\n\t<li class=\"cat-item cat-item-16704\"><a href=\"https:\/\/jornalrol.com.br\/?cat=16704\">Artigo de opini\u00e3o<\/a>\n<\/li>\n\t<li class=\"cat-item cat-item-9398\"><a href=\"https:\/\/jornalrol.com.br\/?cat=9398\">artigos<\/a>\n<\/li>\n\t<li class=\"cat-item cat-item-13458\"><a href=\"https:\/\/jornalrol.com.br\/?cat=13458\">autoajuda<\/a>\n<\/li>\n\t<li class=\"cat-item cat-item-16711\"><a href=\"https:\/\/jornalrol.com.br\/?cat=16711\">Bal\u00e9<\/a>\n<\/li>\n\t<li class=\"cat-item cat-item-10861\"><a href=\"https:\/\/jornalrol.com.br\/?cat=10861\">Banda<\/a>\n<\/li>\n\t<li class=\"cat-item cat-item-14430\"><a href=\"https:\/\/jornalrol.com.br\/?cat=14430\">Bienal do Livro<\/a>\n<\/li>\n\t<li class=\"cat-item cat-item-16438\"><a href=\"https:\/\/jornalrol.com.br\/?cat=16438\">Biografia<\/a>\n<\/li>\n\t<li class=\"cat-item cat-item-16436\"><a href=\"https:\/\/jornalrol.com.br\/?cat=16436\">Biografia<\/a>\n<\/li>\n\t<li class=\"cat-item cat-item-10075\"><a href=\"https:\/\/jornalrol.com.br\/?cat=10075\">Canto<\/a>\n<\/li>\n\t<li class=\"cat-item cat-item-16814\"><a href=\"https:\/\/jornalrol.com.br\/?cat=16814\">Carta devocional<\/a>\n<\/li>\n\t<li class=\"cat-item cat-item-11488\"><a href=\"https:\/\/jornalrol.com.br\/?cat=11488\">Cinema<\/a>\n<\/li>\n\t<li class=\"cat-item cat-item-12230\"><a href=\"https:\/\/jornalrol.com.br\/?cat=12230\">Circo<\/a>\n<\/li>\n\t<li class=\"cat-item cat-item-7\"><a href=\"https:\/\/jornalrol.com.br\/?cat=7\">Comunica\u00e7\u00e3o<\/a>\n<\/li>\n\t<li class=\"cat-item cat-item-14760\"><a href=\"https:\/\/jornalrol.com.br\/?cat=14760\">Concerto<\/a>\n<\/li>\n\t<li class=\"cat-item cat-item-10683\"><a href=\"https:\/\/jornalrol.com.br\/?cat=10683\">Concurso liter\u00e1rio<\/a>\n<\/li>\n\t<li class=\"cat-item cat-item-11463\"><a href=\"https:\/\/jornalrol.com.br\/?cat=11463\">Conta\u00e7\u00e3o de hist\u00f3rias<\/a>\n<\/li>\n\t<li class=\"cat-item cat-item-9607\"><a href=\"https:\/\/jornalrol.com.br\/?cat=9607\">Contos<\/a>\n<\/li>\n\t<li class=\"cat-item cat-item-9759\"><a href=\"https:\/\/jornalrol.com.br\/?cat=9759\">Cr\u00edtica<\/a>\n<\/li>\n\t<li class=\"cat-item cat-item-16625\"><a href=\"https:\/\/jornalrol.com.br\/?cat=16625\">Cr\u00f4nica narrativa<\/a>\n<\/li>\n\t<li class=\"cat-item cat-item-9392\"><a href=\"https:\/\/jornalrol.com.br\/?cat=9392\">Cr\u00f4nicas<\/a>\n<\/li>\n\t<li class=\"cat-item cat-item-11\"><a href=\"https:\/\/jornalrol.com.br\/?cat=11\">Cultura<\/a>\n<\/li>\n\t<li class=\"cat-item cat-item-16851\"><a href=\"https:\/\/jornalrol.com.br\/?cat=16851\">Curso<\/a>\n<\/li>\n\t<li class=\"cat-item cat-item-15045\"><a href=\"https:\/\/jornalrol.com.br\/?cat=15045\">curta-metragem<\/a>\n<\/li>\n\t<li class=\"cat-item cat-item-10076\"><a href=\"https:\/\/jornalrol.com.br\/?cat=10076\">Dan\u00e7as<\/a>\n<\/li>\n\t<li class=\"cat-item cat-item-16416\"><a href=\"https:\/\/jornalrol.com.br\/?cat=16416\">Desenho<\/a>\n<\/li>\n\t<li class=\"cat-item cat-item-15639\"><a href=\"https:\/\/jornalrol.com.br\/?cat=15639\">document\u00e1rio<\/a>\n<\/li>\n\t<li class=\"cat-item cat-item-10956\"><a href=\"https:\/\/jornalrol.com.br\/?cat=10956\">Drama<\/a>\n<\/li>\n\t<li class=\"cat-item cat-item-16437\"><a href=\"https:\/\/jornalrol.com.br\/?cat=16437\">Edith Stein<\/a>\n<\/li>\n\t<li class=\"cat-item cat-item-12548\"><a href=\"https:\/\/jornalrol.com.br\/?cat=12548\">Editorial<\/a>\n<\/li>\n\t<li class=\"cat-item cat-item-12549\"><a href=\"https:\/\/jornalrol.com.br\/?cat=12549\">Editorial<\/a>\n<\/li>\n\t<li class=\"cat-item cat-item-12858\"><a href=\"https:\/\/jornalrol.com.br\/?cat=12858\">Educa\u00e7\u00e3o<\/a>\n<\/li>\n\t<li class=\"cat-item cat-item-16747\"><a href=\"https:\/\/jornalrol.com.br\/?cat=16747\">Ensaio<\/a>\n<\/li>\n\t<li class=\"cat-item cat-item-10024\"><a href=\"https:\/\/jornalrol.com.br\/?cat=10024\">Entrevistas ROLianas<\/a>\n<\/li>\n\t<li class=\"cat-item cat-item-15034\"><a href=\"https:\/\/jornalrol.com.br\/?cat=15034\">Entrevistas ROLianas<\/a>\n<\/li>\n\t<li class=\"cat-item cat-item-13046\"><a href=\"https:\/\/jornalrol.com.br\/?cat=13046\">escola de Ingl\u00eas<\/a>\n<\/li>\n\t<li class=\"cat-item cat-item-12633\"><a href=\"https:\/\/jornalrol.com.br\/?cat=12633\">Evento educacional<\/a>\n<\/li>\n\t<li class=\"cat-item cat-item-12354\"><a href=\"https:\/\/jornalrol.com.br\/?cat=12354\">Eventos liter\u00e1rios<\/a>\n<\/li>\n\t<li class=\"cat-item cat-item-15461\"><a href=\"https:\/\/jornalrol.com.br\/?cat=15461\">Exposi\u00e7\u00e3o<\/a>\n<\/li>\n\t<li class=\"cat-item cat-item-14899\"><a href=\"https:\/\/jornalrol.com.br\/?cat=14899\">Exposi\u00e7\u00e3o<\/a>\n<\/li>\n\t<li class=\"cat-item cat-item-9523\"><a href=\"https:\/\/jornalrol.com.br\/?cat=9523\">Exposi\u00e7\u00e3o<\/a>\n<\/li>\n\t<li class=\"cat-item cat-item-15447\"><a href=\"https:\/\/jornalrol.com.br\/?cat=15447\">Fantasia<\/a>\n<\/li>\n\t<li class=\"cat-item cat-item-10922\"><a href=\"https:\/\/jornalrol.com.br\/?cat=10922\">Feira Liter\u00e1ria<\/a>\n<\/li>\n\t<li class=\"cat-item cat-item-15232\"><a href=\"https:\/\/jornalrol.com.br\/?cat=15232\">Festival<\/a>\n<\/li>\n\t<li class=\"cat-item cat-item-9930\"><a href=\"https:\/\/jornalrol.com.br\/?cat=9930\">Festival de cinema<\/a>\n<\/li>\n\t<li class=\"cat-item cat-item-10323\"><a href=\"https:\/\/jornalrol.com.br\/?cat=10323\">Festival de m\u00fasica<\/a>\n<\/li>\n\t<li class=\"cat-item cat-item-12299\"><a href=\"https:\/\/jornalrol.com.br\/?cat=12299\">Festival liter\u00e1rio<\/a>\n<\/li>\n\t<li class=\"cat-item cat-item-10225\"><a href=\"https:\/\/jornalrol.com.br\/?cat=10225\">Fic\u00e7\u00e3o<\/a>\n<\/li>\n\t<li class=\"cat-item cat-item-15314\"><a href=\"https:\/\/jornalrol.com.br\/?cat=15314\">Filosofia<\/a>\n<\/li>\n\t<li class=\"cat-item cat-item-14867\"><a href=\"https:\/\/jornalrol.com.br\/?cat=14867\">Folclore<\/a>\n<\/li>\n\t<li class=\"cat-item cat-item-9271\"><a href=\"https:\/\/jornalrol.com.br\/?cat=9271\">Folclore<\/a>\n<\/li>\n\t<li class=\"cat-item cat-item-15164\"><a href=\"https:\/\/jornalrol.com.br\/?cat=15164\">F\u00f3rum Brasil de Turismo Cultural<\/a>\n<\/li>\n\t<li class=\"cat-item cat-item-9270\"><a href=\"https:\/\/jornalrol.com.br\/?cat=9270\">Fotografia<\/a>\n<\/li>\n\t<li class=\"cat-item cat-item-9583\"><a href=\"https:\/\/jornalrol.com.br\/?cat=9583\">Grafite<\/a>\n<\/li>\n\t<li class=\"cat-item cat-item-10470\"><a href=\"https:\/\/jornalrol.com.br\/?cat=10470\">grupo musical<\/a>\n<\/li>\n\t<li class=\"cat-item cat-item-14774\"><a href=\"https:\/\/jornalrol.com.br\/?cat=14774\">Hino<\/a>\n<\/li>\n\t<li class=\"cat-item cat-item-9938\"><a href=\"https:\/\/jornalrol.com.br\/?cat=9938\">Homenagem<\/a>\n<\/li>\n\t<li class=\"cat-item cat-item-16398\"><a href=\"https:\/\/jornalrol.com.br\/?cat=16398\">homenagens<\/a>\n<\/li>\n\t<li class=\"cat-item cat-item-16727\"><a href=\"https:\/\/jornalrol.com.br\/?cat=16727\">Humor<\/a>\n<\/li>\n\t<li class=\"cat-item cat-item-14011\"><a href=\"https:\/\/jornalrol.com.br\/?cat=14011\">ilustra\u00e7\u00f5es<\/a>\n<\/li>\n\t<li class=\"cat-item cat-item-11948\"><a href=\"https:\/\/jornalrol.com.br\/?cat=11948\">Inform\u00e1tica<\/a>\n<\/li>\n\t<li class=\"cat-item cat-item-16418\"><a href=\"https:\/\/jornalrol.com.br\/?cat=16418\">inscri\u00e7\u00f5es<\/a>\n<\/li>\n\t<li class=\"cat-item cat-item-16646\"><a href=\"https:\/\/jornalrol.com.br\/?cat=16646\">Intelig\u00eancia Artificial<\/a>\n<\/li>\n\t<li class=\"cat-item cat-item-9552\"><a href=\"https:\/\/jornalrol.com.br\/?cat=9552\">Jovens Talentos<\/a>\n<\/li>\n\t<li class=\"cat-item cat-item-9462\"><a href=\"https:\/\/jornalrol.com.br\/?cat=9462\">lan\u00e7amentos<\/a>\n<\/li>\n\t<li class=\"cat-item cat-item-9285\"><a href=\"https:\/\/jornalrol.com.br\/?cat=9285\">Literatura<\/a>\n<\/li>\n\t<li class=\"cat-item cat-item-12355\"><a href=\"https:\/\/jornalrol.com.br\/?cat=12355\">Livro<\/a>\n<\/li>\n\t<li class=\"cat-item cat-item-13030\"><a href=\"https:\/\/jornalrol.com.br\/?cat=13030\">Livro infantil<\/a>\n<\/li>\n\t<li class=\"cat-item cat-item-12637\"><a href=\"https:\/\/jornalrol.com.br\/?cat=12637\">Meio Ambiente<\/a>\n<\/li>\n\t<li class=\"cat-item cat-item-16262\"><a href=\"https:\/\/jornalrol.com.br\/?cat=16262\">Microconto<\/a>\n<\/li>\n\t<li class=\"cat-item cat-item-9584\"><a href=\"https:\/\/jornalrol.com.br\/?cat=9584\">Muralismo<\/a>\n<\/li>\n\t<li class=\"cat-item cat-item-9280\"><a href=\"https:\/\/jornalrol.com.br\/?cat=9280\">Museu &amp; Galeria<\/a>\n<\/li>\n\t<li class=\"cat-item cat-item-9266\"><a href=\"https:\/\/jornalrol.com.br\/?cat=9266\">Musica<\/a>\n<\/li>\n\t<li class=\"cat-item cat-item-9617\"><a href=\"https:\/\/jornalrol.com.br\/?cat=9617\">Musical<\/a>\n<\/li>\n\t<li class=\"cat-item cat-item-15551\"><a href=\"https:\/\/jornalrol.com.br\/?cat=15551\">N\u00facleo Acad\u00eamico<\/a>\n<\/li>\n\t<li class=\"cat-item cat-item-10742\"><a href=\"https:\/\/jornalrol.com.br\/?cat=10742\">O leitor participa<\/a>\n<\/li>\n\t<li class=\"cat-item cat-item-11700\"><a href=\"https:\/\/jornalrol.com.br\/?cat=11700\">Ode \u00e0 Compet\u00eancia<\/a>\n<\/li>\n\t<li class=\"cat-item cat-item-14132\"><a href=\"https:\/\/jornalrol.com.br\/?cat=14132\">Oficina<\/a>\n<\/li>\n\t<li class=\"cat-item cat-item-14850\"><a href=\"https:\/\/jornalrol.com.br\/?cat=14850\">oficina cultural<\/a>\n<\/li>\n\t<li class=\"cat-item cat-item-16396\"><a href=\"https:\/\/jornalrol.com.br\/?cat=16396\">Ordem Honor\u00edfica<\/a>\n<\/li>\n\t<li class=\"cat-item cat-item-14564\"><a href=\"https:\/\/jornalrol.com.br\/?cat=14564\">Passeio cultural<\/a>\n<\/li>\n\t<li class=\"cat-item cat-item-14184\"><a href=\"https:\/\/jornalrol.com.br\/?cat=14184\">Pensamentos<\/a>\n<\/li>\n\t<li class=\"cat-item cat-item-11532\"><a href=\"https:\/\/jornalrol.com.br\/?cat=11532\">Pintura<\/a>\n<\/li>\n\t<li class=\"cat-item cat-item-58\"><a href=\"https:\/\/jornalrol.com.br\/?cat=58\">Poesia<\/a>\n<\/li>\n\t<li class=\"cat-item cat-item-11794\"><a href=\"https:\/\/jornalrol.com.br\/?cat=11794\">Pr\u00eamio<\/a>\n<\/li>\n\t<li class=\"cat-item cat-item-16188\"><a href=\"https:\/\/jornalrol.com.br\/?cat=16188\">Projeto liter\u00e1rio<\/a>\n<\/li>\n\t<li class=\"cat-item cat-item-16333\"><a href=\"https:\/\/jornalrol.com.br\/?cat=16333\">Prosa po\u00e9tica<\/a>\n<\/li>\n\t<li class=\"cat-item cat-item-16817\"><a href=\"https:\/\/jornalrol.com.br\/?cat=16817\">Prosa po\u00e9tica reflexiva<\/a>\n<\/li>\n\t<li class=\"cat-item cat-item-15851\"><a href=\"https:\/\/jornalrol.com.br\/?cat=15851\">psicologia<\/a>\n<\/li>\n\t<li class=\"cat-item cat-item-14765\"><a href=\"https:\/\/jornalrol.com.br\/?cat=14765\">recital<\/a>\n<\/li>\n\t<li class=\"cat-item cat-item-16361\"><a href=\"https:\/\/jornalrol.com.br\/?cat=16361\">Relise<\/a>\n<\/li>\n\t<li class=\"cat-item cat-item-16235\"><a href=\"https:\/\/jornalrol.com.br\/?cat=16235\">Reportagem<\/a>\n<\/li>\n\t<li class=\"cat-item cat-item-9259\"><a href=\"https:\/\/jornalrol.com.br\/?cat=9259\">Resenha<\/a>\n<\/li>\n\t<li class=\"cat-item cat-item-13685\"><a href=\"https:\/\/jornalrol.com.br\/?cat=13685\">Revista<\/a>\n<\/li>\n\t<li class=\"cat-item cat-item-9575\"><a href=\"https:\/\/jornalrol.com.br\/?cat=9575\">Romance<\/a>\n<\/li>\n\t<li class=\"cat-item cat-item-12356\"><a href=\"https:\/\/jornalrol.com.br\/?cat=12356\">Sarau<\/a>\n<\/li>\n\t<li class=\"cat-item cat-item-1\"><a href=\"https:\/\/jornalrol.com.br\/?cat=1\">Sem categoria<\/a>\n<\/li>\n\t<li class=\"cat-item cat-item-9979\"><a href=\"https:\/\/jornalrol.com.br\/?cat=9979\">Show<\/a>\n<\/li>\n\t<li class=\"cat-item cat-item-10955\"><a href=\"https:\/\/jornalrol.com.br\/?cat=10955\">Suspense<\/a>\n<\/li>\n\t<li class=\"cat-item cat-item-11334\"><a href=\"https:\/\/jornalrol.com.br\/?cat=11334\">Teatro<\/a>\n<\/li>\n\t<li class=\"cat-item cat-item-12594\"><a href=\"https:\/\/jornalrol.com.br\/?cat=12594\">Teatro infantil<\/a>\n<\/li>\n\t<li class=\"cat-item cat-item-16818\"><a href=\"https:\/\/jornalrol.com.br\/?cat=16818\">Texto reflexivo ensa\u00edstico<\/a>\n<\/li>\n\t<li class=\"cat-item cat-item-15163\"><a href=\"https:\/\/jornalrol.com.br\/?cat=15163\">Turismo Cultural<\/a>\n<\/li>\n<\/ul>","protected":false},"excerpt":{"rendered":"<p>Assuntos<\/p>\n","protected":false},"author":64,"featured_media":0,"parent":0,"menu_order":0,"comment_status":"closed","ping_status":"closed","template":"","meta":{"footnotes":""},"class_list":["post-55138","page","type-page","status-publish","hentry"],"aioseo_notices":[],"jetpack_sharing_enabled":true,"jetpack_likes_enabled":true,"jetpack-related-posts":[{"id":2614,"url":"https:\/\/jornalrol.com.br\/?page_id=2614","url_meta":{"origin":55138,"position":0},"title":"Notas da Reda\u00e7\u00e3o","author":"Helio Rubens","date":"16 de julho de 2015","format":false,"excerpt":"O Jornal Cultural ROL somente publica not\u00edcias culturais de eventos gratuitos, ou oferecidos ao p\u00fablico a pre\u00e7os m\u00f3dicos e artigos de selecionad\u00edssimos colunistas. O Fundador do ROL e Editor Honor\u00e1rio \u00e9 Helio Rubens de Arruda e Miranda (Itapetininga\/SP) e o Editor Chefe \u00e9 Sergio Diniz da Costa (Sorocaba). Temos Colunistas\u2026","rel":"","context":"Post similar","block_context":{"text":"Post similar","link":""},"img":{"alt_text":"","src":"","width":0,"height":0},"classes":[]},{"id":55587,"url":"https:\/\/jornalrol.com.br\/?page_id=55587","url_meta":{"origin":55138,"position":1},"title":"Lilian de Lourdes Oliveira Henriques","author":"Lee Oliveira","date":"27 de maio de 2023","format":false,"excerpt":"CONHE\u00c7A MAIS A AUTORA Estat\u00edsticas do Colunista Total de Posts:\u00a0 MINHAS NOT\u00cdCIAS \u2734\ufe0e","rel":"","context":"Post similar","block_context":{"text":"Post similar","link":""},"img":{"alt_text":"","src":"","width":0,"height":0},"classes":[]},{"id":65,"url":"https:\/\/jornalrol.com.br\/?page_id=65","url_meta":{"origin":55138,"position":2},"title":"Colunistas","author":"Sergio Diniz da Costa","date":"22 de outubro de 2014","format":false,"excerpt":"Abdulla Issa Poeta natural da Palestina, filho de uma fam\u00edlia que buscou ref\u00fagio na S\u00edria ap\u00f3s a ocupa\u00e7\u00e3o da Palestina em 1948. Cresceu no campo de refugiados de Babila, nos arredores de Damasco. Ganhou o Pr\u00eamio de Poesia em 1983 e foi considerado um dos principais s\u00edmbolos de renova\u00e7\u00e3o na\u2026","rel":"","context":"Com 189 coment\u00e1rios","block_context":{"text":"Com 189 coment\u00e1rios","link":"https:\/\/jornalrol.com.br\/?page_id=65#comments"},"img":{"alt_text":"Abdulla Issa","src":"https:\/\/i0.wp.com\/jornalrol.com.br\/wp-content\/uploads\/2026\/02\/39957.jpg?resize=350%2C200&ssl=1","width":350,"height":200,"srcset":"https:\/\/i0.wp.com\/jornalrol.com.br\/wp-content\/uploads\/2026\/02\/39957.jpg?resize=350%2C200&ssl=1 1x, https:\/\/i0.wp.com\/jornalrol.com.br\/wp-content\/uploads\/2026\/02\/39957.jpg?resize=525%2C300&ssl=1 1.5x, https:\/\/i0.wp.com\/jornalrol.com.br\/wp-content\/uploads\/2026\/02\/39957.jpg?resize=700%2C400&ssl=1 2x"},"classes":[]}],"_links":{"self":[{"href":"https:\/\/jornalrol.com.br\/index.php?rest_route=\/wp\/v2\/pages\/55138","targetHints":{"allow":["GET"]}}],"collection":[{"href":"https:\/\/jornalrol.com.br\/index.php?rest_route=\/wp\/v2\/pages"}],"about":[{"href":"https:\/\/jornalrol.com.br\/index.php?rest_route=\/wp\/v2\/types\/page"}],"author":[{"embeddable":true,"href":"https:\/\/jornalrol.com.br\/index.php?rest_route=\/wp\/v2\/users\/64"}],"replies":[{"embeddable":true,"href":"https:\/\/jornalrol.com.br\/index.php?rest_route=%2Fwp%2Fv2%2Fcomments&post=55138"}],"version-history":[{"count":2,"href":"https:\/\/jornalrol.com.br\/index.php?rest_route=\/wp\/v2\/pages\/55138\/revisions"}],"predecessor-version":[{"id":56568,"href":"https:\/\/jornalrol.com.br\/index.php?rest_route=\/wp\/v2\/pages\/55138\/revisions\/56568"}],"wp:attachment":[{"href":"https:\/\/jornalrol.com.br\/index.php?rest_route=%2Fwp%2Fv2%2Fmedia&parent=55138"}],"curies":[{"name":"wp","href":"https:\/\/api.w.org\/{rel}","templated":true}]}}